{"id":89,"date":"2017-09-01T09:39:16","date_gmt":"2017-09-01T09:39:16","guid":{"rendered":"http:\/\/me.ellaschnella.de\/?page_id=89"},"modified":"2023-01-31T11:59:03","modified_gmt":"2023-01-31T11:59:03","slug":"me-sind","status":"publish","type":"page","link":"https:\/\/me-musik.de\/?page_id=89","title":{"rendered":"ME sind&#8230;"},"content":{"rendered":"<p style=\"text-align: left; padding-left: 60px;\"><u>M<\/u>oniM\u00a0 \u00a0 \u00a0 \u00a0 \u00a0 \u00a0 \u00a0 \u00a0 \u00a0&amp; \u00a0\u00a0\u00a0\u00a0\u00a0\u00a0\u00a0\u00a0 \u00a0 \u00a0\u00a0\u00a0 <u>E<\/u>llaschnella<br \/>\nFrankfurt \u00a0 \u00a0 \u00a0 \u00a0 \u00a0\u00a0 \u00a0 &amp;\u00a0\u00a0\u00a0\u00a0\u00a0\u00a0\u00a0\u00a0\u00a0 \u00a0 \u00a0\u00a0\u00a0 Bremen<br \/>\neigene Texte\u00a0\u00a0\u00a0 \u00a0\u00a0 &amp;\u00a0\u00a0\u00a0\u00a0\u00a0\u00a0\u00a0\u00a0 \u00a0 \u00a0\u00a0\u00a0\u00a0 eigene Musik<br \/>\nGesang\u00a0\u00a0\u00a0\u00a0\u00a0\u00a0\u00a0\u00a0\u00a0\u00a0 \u00a0 \u00a0 \u00a0 &amp;\u00a0\u00a0\u00a0\u00a0\u00a0\u00a0 \u00a0 \u00a0\u00a0\u00a0\u00a0\u00a0\u00a0 Piano, Keyboard, und mehr<\/p>\n<p style=\"text-align: left; padding-left: 60px;\">Seelenblicke, Geschichten, W\u00fcnsche, Tr\u00e4ume, Bef\u00fcrchtungen,<br \/>\nMomente, Bilder, Erlebnisse, Wege, Versuche, Schnappsch\u00fcsse<br \/>\noder lang brennende Flutlichter des Herzens\u00a0 der Seele des Kopfes,<br \/>\ndie unser Leben durch Stromschnellen schicken<\/p>\n","protected":false},"excerpt":{"rendered":"<p>MoniM\u00a0 \u00a0 \u00a0 \u00a0 \u00a0 \u00a0 \u00a0 \u00a0 \u00a0&amp; \u00a0\u00a0\u00a0\u00a0\u00a0\u00a0\u00a0\u00a0 \u00a0 \u00a0\u00a0\u00a0 Ellaschnella Frankfurt \u00a0 \u00a0 \u00a0 \u00a0 \u00a0\u00a0 \u00a0 &amp;\u00a0\u00a0\u00a0\u00a0\u00a0\u00a0\u00a0\u00a0\u00a0 \u00a0 \u00a0\u00a0\u00a0 Bremen eigene Texte\u00a0\u00a0\u00a0 \u00a0\u00a0 &amp;\u00a0\u00a0\u00a0\u00a0\u00a0\u00a0\u00a0\u00a0 \u00a0 \u00a0\u00a0\u00a0\u00a0 eigene Musik Gesang\u00a0\u00a0\u00a0\u00a0\u00a0\u00a0\u00a0\u00a0\u00a0\u00a0 \u00a0 \u00a0 \u00a0 &amp;\u00a0\u00a0\u00a0\u00a0\u00a0\u00a0 \u00a0 \u00a0\u00a0\u00a0\u00a0\u00a0\u00a0 Piano,&#8230; <a class=\"more-link\" href=\"https:\/\/me-musik.de\/?page_id=89\">Weiterlesen &rarr;<\/a><\/p>\n","protected":false},"author":1,"featured_media":0,"parent":0,"menu_order":0,"comment_status":"closed","ping_status":"closed","template":"","meta":{"footnotes":""},"class_list":["post-89","page","type-page","status-publish","hentry"],"_links":{"self":[{"href":"https:\/\/me-musik.de\/index.php?rest_route=\/wp\/v2\/pages\/89","targetHints":{"allow":["GET"]}}],"collection":[{"href":"https:\/\/me-musik.de\/index.php?rest_route=\/wp\/v2\/pages"}],"about":[{"href":"https:\/\/me-musik.de\/index.php?rest_route=\/wp\/v2\/types\/page"}],"author":[{"embeddable":true,"href":"https:\/\/me-musik.de\/index.php?rest_route=\/wp\/v2\/users\/1"}],"replies":[{"embeddable":true,"href":"https:\/\/me-musik.de\/index.php?rest_route=%2Fwp%2Fv2%2Fcomments&post=89"}],"version-history":[{"count":11,"href":"https:\/\/me-musik.de\/index.php?rest_route=\/wp\/v2\/pages\/89\/revisions"}],"predecessor-version":[{"id":223,"href":"https:\/\/me-musik.de\/index.php?rest_route=\/wp\/v2\/pages\/89\/revisions\/223"}],"wp:attachment":[{"href":"https:\/\/me-musik.de\/index.php?rest_route=%2Fwp%2Fv2%2Fmedia&parent=89"}],"curies":[{"name":"wp","href":"https:\/\/api.w.org\/{rel}","templated":true}]}}