{"id":200,"date":"2018-08-06T09:23:32","date_gmt":"2018-08-06T09:23:32","guid":{"rendered":"http:\/\/me-musik.de\/?page_id=200"},"modified":"2023-01-31T12:03:04","modified_gmt":"2023-01-31T12:03:04","slug":"impressum","status":"publish","type":"page","link":"https:\/\/me-musik.de\/?page_id=200","title":{"rendered":"Impressum"},"content":{"rendered":"<p><b><u>Haftungsausschluss:<\/u><\/b><\/p>\n<p>F\u00fcr die Aktualit\u00e4t, Richtigkeit und Vollst\u00e4ndigkeit der Informationen kann keine Haftung oder Garantie \u00fcbernommen werden. Inhaltlich verantwortliche Person gem\u00e4\u00df \u00a710 MDStV ist Ella Schnella, Mindener Str.\u00a0 28205 Bremen, die regelm\u00e4\u00dfig die Information dieser Website aktualisiert.<\/p>\n<p>Weiterhin distanziert sich <b>ME <\/b>von allen Inhalten verlinkter Seiten auf dieser Homepage. F\u00fcr die Inhalte der Seiten, auf die kein Einfluss hinsichtlich ihrer Gestaltung besteht, sind ausschlie\u00dflich deren Autoren:Innen verantwortlich.<\/p>\n\n\n<p><\/p>\n","protected":false},"excerpt":{"rendered":"<p>Haftungsausschluss: F\u00fcr die Aktualit\u00e4t, Richtigkeit und Vollst\u00e4ndigkeit der Informationen kann keine Haftung oder Garantie \u00fcbernommen werden. Inhaltlich verantwortliche Person gem\u00e4\u00df \u00a710 MDStV ist Ella Schnella, Mindener Str.\u00a0 28205 Bremen, die regelm\u00e4\u00dfig die Information dieser Website aktualisiert. Weiterhin distanziert sich ME&#8230; <a class=\"more-link\" href=\"https:\/\/me-musik.de\/?page_id=200\">Weiterlesen &rarr;<\/a><\/p>\n","protected":false},"author":1,"featured_media":0,"parent":0,"menu_order":0,"comment_status":"closed","ping_status":"closed","template":"","meta":{"footnotes":""},"class_list":["post-200","page","type-page","status-publish","hentry"],"_links":{"self":[{"href":"https:\/\/me-musik.de\/index.php?rest_route=\/wp\/v2\/pages\/200","targetHints":{"allow":["GET"]}}],"collection":[{"href":"https:\/\/me-musik.de\/index.php?rest_route=\/wp\/v2\/pages"}],"about":[{"href":"https:\/\/me-musik.de\/index.php?rest_route=\/wp\/v2\/types\/page"}],"author":[{"embeddable":true,"href":"https:\/\/me-musik.de\/index.php?rest_route=\/wp\/v2\/users\/1"}],"replies":[{"embeddable":true,"href":"https:\/\/me-musik.de\/index.php?rest_route=%2Fwp%2Fv2%2Fcomments&post=200"}],"version-history":[{"count":4,"href":"https:\/\/me-musik.de\/index.php?rest_route=\/wp\/v2\/pages\/200\/revisions"}],"predecessor-version":[{"id":225,"href":"https:\/\/me-musik.de\/index.php?rest_route=\/wp\/v2\/pages\/200\/revisions\/225"}],"wp:attachment":[{"href":"https:\/\/me-musik.de\/index.php?rest_route=%2Fwp%2Fv2%2Fmedia&parent=200"}],"curies":[{"name":"wp","href":"https:\/\/api.w.org\/{rel}","templated":true}]}}